{"id":2653,"date":"2020-03-06T15:14:35","date_gmt":"2020-03-06T14:14:35","guid":{"rendered":"http:\/\/cosmi.net\/?page_id=2653"},"modified":"2020-03-06T15:14:35","modified_gmt":"2020-03-06T14:14:35","slug":"condizioni-generali-di-vendita","status":"publish","type":"page","link":"https:\/\/www.cosmi.net\/ru\/condizioni-generali-di-vendita\/","title":{"rendered":"Condizioni Generali di Vendita"},"content":{"rendered":"[vc_section el_class=&#187;padding-top-50 padding-bottom-50&#8243;][vc_row css_animation=&#187;fadeIn&#187; el_class=&#187;box-row padding-top-50&#8243;][vc_column][vc_row_inner equal_height=&#187;yes&#187; content_placement=&#187;middle&#187;][vc_column_inner][vc_column_text el_class=&#187;simple-text light black&#187;]<strong>Condizioni Generali di Vendita<\/strong><\/p>\n<p><strong>Art. 1 &#8212; Disposizioni generali<\/strong><\/p>\n<ol>\n<li>L&#8217;utente navigando in quest&#8217;area accede a Cosmi srl, accessibile mediante l&#8217;url: www.cosmi.net. La navigazione e la trasmissione di un ordine di acquisto sul sito comportano l&#8217;accettazione delle Condizioni e delle Politiche di Protezione dei Dati adottate dal sito stesso ivi indicate.<\/li>\n<li>Le presenti Condizioni Generali di Vendita si applicano alla vendita di prodotti con esclusivo riferimento agli acquisti effettuati sul sito conformemente alle disposizioni della Parte III, Titolo III, Capo I, Codice del Consumo (D.lgs. n. 206\/05 modificato dal D.lgs. n. 21\/14 e D.lgs. 70\/03) da parte di<\/li>\n<\/ol>\n<p>Societ\u00e0: Cosmi srl<br \/>\nSede: Via Flaminia 307, 60126 Ancona<br \/>\nPartita IVA: 00191480425<\/p>\n<ol start=\"3\">\n<li>L&#8217;utente \u00e8 tenuto, prima di accedere ai prodotti forniti dal sito, a leggere le presenti Condizioni Generali di Vendita che si intendono generalmente ed inequivocabilmente accettate al momento dell&#8217;acquisto.<\/li>\n<li>Si invita l&#8217;utente a scaricare e stampare una copia del modulo d&#8217;acquisto e delle presenti Condizioni Generali di Vendita i cui termini Cosmi srl si riserva di modificare unilateralmente e senza alcun preavviso.<\/li>\n<\/ol>\n<p><strong>Art. 2 &#8212; Oggetto<\/strong><\/p>\n<ol>\n<li>Le presenti Condizioni Generali di Vendita disciplinano l&#8217;offerta, l&#8217;inoltro e l&#8217;accettazione di ordini d&#8217;acquisto di prodotti su Cosmi srl e non disciplinano, invece, la fornitura di servizi o la vendita di prodotti da parte di soggetti diversi dal venditore che siano presenti sul medesimo sito tramite link, banner o altri collegamenti ipertestuali.<\/li>\n<li>Prima di inoltrare ordini ed acquistare prodotti e servizi da soggetti diversi, suggeriamo di verificare le loro condizioni di vendita.<\/li>\n<\/ol>\n<p><strong>Art. 3 &#8212; Conclusione del contratto<\/strong><\/p>\n<ol>\n<li>Per concludere il contratto di acquisto, sar\u00e0 necessario compilare il formulario in formato elettronico e trasmetterlo seguendo le relative istruzioni.<\/li>\n<li>In esso sono contenuti il rinvio alle Condizioni Generali di Vendita, le immagini di ciascun prodotto ed il relativo prezzo, i mezzi di pagamento che \u00e8 possibile utilizzare, le modalit\u00e0 di consegna dei prodotti acquistati e i relativi costi di spedizione e consegna, un rimando alle condizioni per l&#8217;esercizio del diritto di recesso; modalit\u00e0 e tempi di restituzione dei prodotti acquistati.<\/li>\n<li>Prima di concludere il contratto, sar\u00e0 chiesto di confermare l&#8217;avvenuta lettura delle Condizioni Generali di Vendita comprensive dell&#8217;Informativa sul diritto di recesso e del trattamento dei dati personali.<\/li>\n<li>Il contratto \u00e8 concluso quando il venditore riceve il formulario compilato dall&#8217;utente, previa verifica della correttezza dei dati ivi contenuti.<\/li>\n<li>L&#8217;acquirente sar\u00e0 obbligato al pagamento del prezzo dal momento in cui la procedura di inoltro dell&#8217;ordine on line sar\u00e0 conclusa. Ci\u00f2 avverr\u00e0 cliccando sul tasto &#171;CONCLUDI ORDINE&#187; alla fine della procedura guidata.<\/li>\n<li>Concluso il contratto, il venditore prende in carico l&#8217;ordine per la sua evasione.<\/li>\n<\/ol>\n<p><strong>Art. 4 &#8212; Utenti registrati<\/strong><\/p>\n<ol>\n<li>Nel completare le procedure di registrazione, l&#8217;utente si obbliga a seguire le indicazioni presenti sul sito e a fornire i propri dati personali in maniera corretta e veritiera.<\/li>\n<li>La conferma esonerer\u00e0 in ogni caso Cosmi srl da ogni responsabilit\u00e0 circa i dati forniti dall&#8217;utente. L&#8217; utente si obbliga a informare tempestivamente Cosmi srl di qualsiasi variazione dei propri dati in ogni tempo comunicati.<\/li>\n<li>Qualora poi l&#8217;utente comunichi dati non esatti o incompleti ovvero anche nel caso in cui vi sia contestazione da parte dei soggetti interessati circa i pagamenti effettuati, Cosmi srl avr\u00e0 facolt\u00e0 di non attivare ovvero di sospendere il servizio fino a sanatoria delle relative mancanze.<\/li>\n<li>In occasione della prima richiesta di attivazione di un profilo da parte dell&#8217;utente, Cosmi srl attribuir\u00e0 allo stesso nome utente ed una password. Quest&#8217;ultimo riconosce che tali identificativi costituiscono il sistema di validazione degli accessi dell&#8217;utente ai Servizi ed il solo sistema idoneo ad identificare l&#8217;utente che gli atti compiuti mediante tale accesso saranno a lui attribuiti e avranno efficacia vincolante nei suoi confronti.<\/li>\n<li>L&#8217;utente si obbliga a mantenerne la segretezza dei suoi dati d&#8217;accesso e a custodirli con la dovuta cura e diligenza e a non cederli anche temporaneamente a terzi.<\/li>\n<\/ol>\n<p><strong>Art. 5 &#8212; Disponibilit\u00e0 dei prodotti<\/strong><\/p>\n<ol>\n<li>La disponibilit\u00e0 dei prodotti si riferisce alla disponibilit\u00e0 effettiva nel momento in cui il l&#8217;acquirente effettua l&#8217;ordine. Tale disponibilit\u00e0 deve comunque essere considerata puramente indicativa perch\u00e9, per effetto della contemporanea presenza sul sito di pi\u00f9 utenti, i prodotti potrebbero essere venduti ad altri clienti prima della conferma dell&#8217;ordine.<\/li>\n<li>Anche in seguito all&#8217;invio dell&#8217;e-mail di conferma dell&#8217;ordine potrebbero verificarsi casi di indisponibilit\u00e0 parziale o totale della merce. In questa eventualit\u00e0, l&#8217;ordine verr\u00e0 rettificato automaticamente con l&#8217;eliminazione del prodotto non disponibile e il l&#8217;acquirente verr\u00e0 immediatamente informato via e-mail.<\/li>\n<li>Se il l&#8217;acquirente richiede l&#8217;annullamento dell&#8217;ordine, risolvendo il contratto, Cosmi srl rimborser\u00e0 l&#8217;importo pagato entro 11 giorni a partire dal momento in cui Comsi srl ha avuto conoscenza della decisione del l&#8217;acquirente di risolvere il contratto.<\/li>\n<\/ol>\n<p><strong>Art. 6 &#8212; Prodotti offerti<\/strong><\/p>\n<ol>\n<li>Cosmi srl, attraverso l\u2019area dedicata del proprio sito e-shop, commercializza:<\/li>\n<\/ol>\n<p>Abbigliamento e accessori uomo, donna nonch\u00e9 accessori di libera vendita per la caccia ed il tempo libero<\/p>\n<ol start=\"2\">\n<li>L&#8217;offerta \u00e8 dettagliata nel nostro sito al link: https:\/\/www.cosmi.net<\/li>\n<\/ol>\n<p><strong>Art. 7 &#8212; Modalit\u00e0 di pagamento e prezzi<\/strong><\/p>\n<ol>\n<li>Il prezzo dei prodotti sar\u00e0 quello indicato di volta in volta sul sito, salvo laddove sussista un errore palese.<\/li>\n<li>In caso di errore Cosmi srl avviser\u00e0 prima possibile l&#8217;acquirente consentendo la conferma dell&#8217;ordine al giusto importo ovvero l&#8217;annullamento. Non sussister\u00e0 ad ogni modo per Cosmi srl l&#8217;obbligo di fornire quanto venduto al prezzo inferiore erroneamente indicato.<\/li>\n<li>I prezzi del sito sono comprensivi di IVA e non includono le spese di spedizione. I prezzi possono subire variazioni in qualsiasi momento. I cambiamenti non riguardano gli ordini per i quali sia stata gi\u00e0 inviata conferma dell&#8217;ordine.<\/li>\n<li>Una volta selezionati i prodotti desiderati, essi saranno aggiunti al carrello. Sar\u00e0 sufficiente seguire le istruzioni per l&#8217;acquisto, inserendo o verificando le informazioni richieste in ogni passaggio del processo. I dettagli dell&#8217;ordine potranno essere modificati prima del pagamento.<\/li>\n<li>Il pagamento pu\u00f2 essere effettuato tramite:<\/li>\n<\/ol>\n<p>PAYPAL (e carta di credito tramite Paypal)<\/p>\n<p><strong>Art. 8 &#8212; Consegna<\/strong><\/p>\n<ol>\n<li>Cosmi srl effettua spedizioni in tutto il mondo<\/li>\n<li>Cosmi srl effettuer\u00e0 le consegne presso l\u2019indirizzo dell&#8217;utente, fornito al momento dell&#8217;acquisto.<\/li>\n<li>La consegna viene effettuata, per il territorio italiano, generalmente entro 5\/7 giorni lavorativi, o, qualora non fosse specificata alcuna data di consegna, entro il termine stimato al momento della selezione della modalit\u00e0 di consegna e, in ogni caso, entro il termine massimo di trenta giorni dalla data della conferma.<\/li>\n<li>Per quanto riguarda i Paesi dell&#8217;Unione Europea la consegna sar\u00e0 effettuata in 10\/12 giorni lavorativi, ed in ogni caso, entro il termine massimo di trenta giorni.<\/li>\n<li>Nei territori extra UE la consegna avverr\u00e0 grossomodo in 10\/15 giorni lavorativi.<\/li>\n<li>Qualora non fosse possibile effettuare la consegna, l&#8217;ordine verr\u00e0 inviato al deposito. In tale evenienza, un avviso preciser\u00e0 luogo in cui si trova l&#8217;ordine e le modalit\u00e0 con cui concordare una nuova consegna.<\/li>\n<li>Qualora non fosse in grado di essere presente nel luogo di consegna all&#8217;orario concordato, Le chiediamo di contattarci nuovamente per concordare una nuova data di consegna.<\/li>\n<li>Qualora la consegna non possa avere luogo per cause a noi non imputabili dopo trenta giorni dalla data in cui l&#8217;ordine \u00e8 disponibile per la consegna, assumeremo che si intenda risolvere il contratto.<\/li>\n<li>In conseguenza della risoluzione gli importi saranno restituiti, inclusi i costi di consegna con l&#8217;esclusione di eventuali costi addizionali derivanti dalla scelta di un metodo di consegna diverso dal metodo ordinario offerto senza ingiustificato ritardo e, in ogni caso, entro 11 giorni dalla data di risoluzione del contratto. Il trasporto derivante dalla risoluzione del contratto potrebbe avere costi addizionali che saranno a carico dell&#8217;acquirente.<\/li>\n<li>Le spese di spedizione sono a carico dell&#8217;acquirente e sono evidenziate esplicitamente al momento dell&#8217;effettuazione dell&#8217;ordine.<\/li>\n<\/ol>\n<p><strong>Art. 9 &#8212; Passaggio del rischio<\/strong><\/p>\n<ol>\n<li>I rischi relativi ai prodotti passeranno a carico dell&#8217;acquirente a partire dal momento della consegna. La propriet\u00e0 dei prodotti si considera acquisita appena ricevuto il pagamento completo di tutti gli importi dovuti in relazione agli stessi, incluse le spese di spedizione, ovvero al momento della consegna, se questa avvenisse in un secondo momento.<\/li>\n<\/ol>\n<p><strong>Art. 10 &#8212; Garanzia e conformit\u00e0 commerciale<\/strong><\/p>\n<ol>\n<li>Il venditore \u00e8 responsabile per qualsiasi difetto dei prodotti offerti sul sito, ivi inclusa la non conformit\u00e0 degli articoli ai prodotti ordinati, ai sensi di quanto disposto dalla normativa italiana.<\/li>\n<li>Se l&#8217;acquirente ha stipulato il contratto in qualit\u00e0 di consumatore ovverosia qualsiasi persona fisica che agisca sul sito per scopi estranei all&#8217;attivit\u00e0 imprenditoriale o professionale eventualmente svolta, la presente garanzia \u00e8 valida a condizione che il difetto si manifesti entro 24 mesi dalla data di consegna dei prodotti; che l&#8217;acquirente presenti reclamo formale relativamente ai difetti entro un massimo di 2 mesi dalla data in cui il difetto \u00e8 stato da quest&#8217;ultimo riconosciuto; che venga compilato correttamente il modulo di reso online.<\/li>\n<li>In caso di mancata conformit\u00e0, il l&#8217;acquirente che ha stipulato il contratto in qualit\u00e0 di consumatore avr\u00e0 diritto ad ottenere il ripristino della conformit\u00e0 dei prodotti senza spese, mediante riparazione o sostituzione, ovvero di ottenere un&#8217;appropriata riduzione di prezzo ovvero la risoluzione del contratto relativamente ai beni contestati e la conseguente restituzione del prezzo.<\/li>\n<li>Tutti i costi di restituzione per prodotti difettosi saranno sostenuti dal venditore.<\/li>\n<\/ol>\n<p><strong>Art. 11 &#8212; Recesso<\/strong><\/p>\n<ol>\n<li>Conformemente alle disposizioni legali in vigore, l&#8217;acquirente ha diritto di recedere dall&#8217;acquisto senza alcuna penalit\u00e0 e senza specificarne il motivo, entro il termine di 14 giorni ai sensi dell&#8217;art. 57 del D.lgs 206\/2005 decorrenti dalla data di ricezione dei prodotti.<\/li>\n<li>In caso di acquisti multipli effettuati dal l&#8217;acquirente con un solo ordine e consegnati separatamente, il termine di 14 giorni decorre dalla data di ricezione dell&#8217;ultimo prodotto.<\/li>\n<li>L&#8217;utente che intendesse esercitare il diritto di recesso dell&#8217;acquisto potr\u00e0 inviare una mail, indicando il numero ordine e nome dell&#8217;utente, a:<\/li>\n<\/ol>\n<p>info@cosmi.net<\/p>\n<ol start=\"4\">\n<li>L&#8217;acquirente dovr\u00e0 esercitare il diritto di recesso anche inviando una qualsiasi dichiarazione esplicita contenente la decisione di recedere dal contratto oppure alternativamente trasmettere il modulo di recesso tipo l\u2019allegato seguente non obbligatorio:<\/li>\n<\/ol>\n<p>Con la presente, comunico il recesso dal contratto di vendita o fornitura relativo al seguente\/i prodotto\/i: _________________________________________________________________<\/p>\n<p>Ordine numero: _____________________________________________________________<\/p>\n<p>Ordinato il: ________________________<\/p>\n<p>Nome e Cognome: __________________<\/p>\n<p>Indirizzo: __________________________________________________________________<\/p>\n<p>E-mail associata all\u2019account da cui \u00e8 stato effettuato l\u2019ordine: ________________________<\/p>\n<p>Data: ________________<\/p>\n<p>&nbsp;<\/p>\n<ol start=\"5\">\n<li>La merce potr\u00e0 essere riconsegnata presso un qualsiasi punto vendita presente sul territorio italiano, cos\u00ec come indicato nella nostra pagina web, nonch\u00e9 spedita a:<\/li>\n<\/ol>\n<p>Cosmi srl<\/p>\n<p>Via Flaminia 307<\/p>\n<p>60126 Ancona &#8212; Italy<\/p>\n<ol start=\"6\">\n<li>La merce dovr\u00e0 essere restituita integra, nella confezione originale, completa in tutte le sue parti e completa della documentazione fiscale annessa. Fatta salva la facolt\u00e0 di verificare il rispetto di quanto sopra, il sito provveder\u00e0 a rimborsare l&#8217;importo dei prodotti oggetto del recesso entro un termine massimo di 14 giorni, comprensivo degli eventuali costi di spedizione.<\/li>\n<li>Come previsto dall&#8217;art. 56 comma 3 del D.Lgs 206\/2005, modificato dal D.lgs 21\/2014, il sito pu\u00f2 sospendere il rimborso fino al ricevimento dei beni oppure fino all&#8217;avvenuta dimostrazione da parte del l&#8217;acquirente di aver rispedito i beni.<\/li>\n<li>Non si applicher\u00e0 il diritto al recesso nel caso in cui i servizi e prodotti di Cosmi srl sono inclusi nelle categorie dell&#8217;art. 59 del D.Lgs 206\/2005.<\/li>\n<li>Il sito eseguir\u00e0 il rimborso utilizzando lo stesso mezzo di pagamento scelto dall&#8217;acquirente in fase di acquisto. Nel caso di pagamento effettuato con bonifico, e qualora il l&#8217;acquirente intenda esercitare il proprio diritto di recesso, dovr\u00e0 fornire le coordinate bancarie: IBAN, SWIFT e BIC necessari all&#8217;effettuazione del rimborso.<\/li>\n<\/ol>\n<p><strong>Art. 12 &#8212; Trattamento dei dati<\/strong><\/p>\n<ol>\n<li>I dati del l&#8217;acquirente sono trattati conformemente a quanto previsto dalla normativa in materia di protezione dei dati personali, come specificato nell&#8217;apposita sezione contenente l&#8217;informativa ai sensi dell&#8217;art. 13 Regolamento UE 2016\/679 (Privacy Policy).<\/li>\n<\/ol>\n<p><strong>Art. 13 &#8212; Clausola di salvaguardia<\/strong><\/p>\n<ol>\n<li>Nell&#8217;ipotesi in cui una delle clausole delle presenti Condizioni Generali di Vendita fosse nulla per qualsivoglia motivo ci\u00f2 non comprometter\u00e0 in nessun caso la validit\u00e0 e il rispetto delle altre disposizioni figuranti nelle presenti Condizioni Generali di Vendita.<\/li>\n<\/ol>\n<p><strong>Art. 14 &#8212; Contatti<\/strong><\/p>\n<ol>\n<li>Ogni richiesta di informazione potr\u00e0 essere inviata via mail al seguente indirizzo <a href=\"mailto:info@cosmi.net\">info@cosmi.net<\/a> e via posta al seguente indirizzo:<\/li>\n<\/ol>\n<p>Via Flaminia 307, 60126 Ancona<\/p>\n<p><strong>Art. 15 &#8212; Legge applicabile e foro competente<\/strong><\/p>\n<ol>\n<li>Le presenti Condizioni Generali di Vendita sono disciplinate dal diritto italiano ed interpretate in base ad esso, fatta salva qualsiasi diversa norma imperativa prevalente del paese di residenza abituale del l&#8217;acquirente. Di conseguenza l&#8217;interpretazione, esecuzione e risoluzione delle Condizioni Generali di Vendita sono soggette esclusivamente alla legge Italiana.<\/li>\n<li>Eventuali controversie inerenti e\/o conseguenti alle stesse dovranno essere risolte in via esclusiva dall&#8217;autorit\u00e0 giurisdizionale Italiana. In particolare, qualora il l&#8217;acquirente rivesta la qualifica di Consumatore, le eventuali controversie dovranno essere risolte dal tribunale del luogo di domicilio o residenza dello stesso in base alla legge applicabile.<\/li>\n<\/ol>\n<p>Le presenti condizioni sono state redatte in data 05\/03\/2020.[\/vc_column_text][\/vc_column_inner][\/vc_row_inner][\/vc_column][\/vc_row][\/vc_section]\n","protected":false},"excerpt":{"rendered":"<p>[vc_section el_class=&#187;padding-top-50 padding-bottom-50&#8243;][vc_row css_animation=&#187;fadeIn&#187; el_class=&#187;box-row padding-top-50&#8243;][vc_column][vc_row_inner equal_height=&#187;yes&#187; content_placement=&#187;middle&#187;][vc_column_inner][vc_column_text el_class=&#187;simple-text light black&#187;]Condizioni Generali di Vendita Art. 1 &#8212; Disposizioni generali L&#8217;utente navigando in quest&#8217;area accede a Cosmi srl, accessibile mediante l&#8217;url: www.cosmi.net. La navigazione e la trasmissione di un ordine di&hellip;<\/p>\n","protected":false},"author":1,"featured_media":0,"parent":0,"menu_order":0,"comment_status":"closed","ping_status":"closed","template":"","meta":{"footnotes":""},"class_list":["post-2653","page","type-page","status-publish","hentry","entry","no-media"],"_links":{"self":[{"href":"https:\/\/www.cosmi.net\/ru\/wp-json\/wp\/v2\/pages\/2653","targetHints":{"allow":["GET"]}}],"collection":[{"href":"https:\/\/www.cosmi.net\/ru\/wp-json\/wp\/v2\/pages"}],"about":[{"href":"https:\/\/www.cosmi.net\/ru\/wp-json\/wp\/v2\/types\/page"}],"author":[{"embeddable":true,"href":"https:\/\/www.cosmi.net\/ru\/wp-json\/wp\/v2\/users\/1"}],"replies":[{"embeddable":true,"href":"https:\/\/www.cosmi.net\/ru\/wp-json\/wp\/v2\/comments?post=2653"}],"version-history":[{"count":2,"href":"https:\/\/www.cosmi.net\/ru\/wp-json\/wp\/v2\/pages\/2653\/revisions"}],"predecessor-version":[{"id":2667,"href":"https:\/\/www.cosmi.net\/ru\/wp-json\/wp\/v2\/pages\/2653\/revisions\/2667"}],"wp:attachment":[{"href":"https:\/\/www.cosmi.net\/ru\/wp-json\/wp\/v2\/media?parent=2653"}],"curies":[{"name":"wp","href":"https:\/\/api.w.org\/{rel}","templated":true}]}}